{"id":19,"date":"2020-09-15T10:27:18","date_gmt":"2020-09-15T15:27:18","guid":{"rendered":"https:\/\/cabezaderaton.com\/home\/"},"modified":"2021-12-12T14:30:59","modified_gmt":"2021-12-12T19:30:59","slug":"inicio","status":"publish","type":"page","link":"https:\/\/cabezaderaton.com\/en\/","title":{"rendered":"Home"},"content":{"rendered":"<div class=\"wp-block-cover alignfull has-ast-global-color-6-background-color has-background-dim has-parallax\" style=\"background-image:url(https:\/\/cabezaderaton.com\/wp-content\/uploads\/2021\/12\/recording-studio-2-with-blur-scaled.jpg);min-height:850px\"><div class=\"wp-block-cover__inner-container\">\n<h5 class=\"has-text-align-center has-white-color has-text-color\">More Than A Label, An Ally In Your Music Career<\/h5>\n\n\n\n<h1 class=\"has-text-align-center has-white-color has-text-color\">ARTISTIC PROMOTION AND CONSULTANCY SERVICES<\/h1>\n\n\n\n<div class=\"wp-container-1 wp-block-buttons is-content-justification-center\">\n<div class=\"wp-block-button\"><a class=\"wp-block-button__link has-text-color has-background\" href=\"https:\/\/cabezaderaton.com\/en\/servicios\/\" style=\"background-color:#24e30f;color:#000000\"> SERVICES<\/a><\/div>\n<\/div>\n<\/div><\/div>\n\n\n\n<div class=\"wp-container-3 wp-block-group alignfull has-white-background-color has-background\"><div class=\"wp-block-group__inner-container\">\n<h5 class=\"has-text-align-center\">About Us<\/h5>\n\n\n\n<h2 class=\"has-text-align-center\">Over 30 Years Of Experience <br>On The Record Market<\/h2>\n\n\n\n<p class=\"has-text-align-center\">Cabeza de raton Music is an alternative for artists, labels, publishers and brands.<\/p>\n\n\n\n<p class=\"has-text-align-center\">Experienced in different areas of music marketing, each strategy is adapted to the client's needs depending on their expectations, budgets and in line with the reality of the market.<\/p>\n\n\n\n<p><\/p>\n\n\n\n<div class=\"wp-container-2 wp-block-buttons is-content-justification-center\">\n<div class=\"wp-block-button\"><a class=\"wp-block-button__link has-text-color has-background\" href=\"https:\/\/cabezaderaton.com\/en\/nosotros\/\" style=\"background-color:#24e30f;color:#000000\">ABOUT US<\/a><\/div>\n<\/div>\n<\/div><\/div>\n\n\n\n<div class=\"wp-duotone-333-ccc-7 wp-block-cover alignfull has-background-dim-70 has-ast-global-color-6-background-color has-background-dim has-parallax has-custom-content-position is-position-center-left\" style=\"background-image:url(https:\/\/cabezaderaton.com\/wp-content\/uploads\/2021\/12\/pexels-Stage-Blur.jpg);min-height:900px\"><div class=\"wp-block-cover__inner-container\">\n<div class=\"wp-block-columns alignwide are-vertically-aligned-center\">\n<div class=\"wp-block-column is-vertically-aligned-center\">\n<div class=\"wp-container-4 wp-block-group\"><div class=\"wp-block-group__inner-container\">\n<h3 class=\"has-white-color has-text-color\">Services<\/h3>\n\n\n\n<h2 class=\"has-white-color has-text-color\">This company provides the best professional service available in each of its areas.<\/h2>\n\n\n\n<hr class=\"wp-block-separator has-text-color has-background has-cyan-bluish-gray-background-color has-cyan-bluish-gray-color is-style-wide\"\/>\n\n\n\n<h3 class=\"has-white-color has-text-color\"><strong>Promotion<\/strong><\/h3>\n\n\n\n<p class=\"has-white-color has-text-color\">In Radio, Nightclubs, Press, TV and Digital Media. <\/p>\n\n\n\n<hr class=\"wp-block-separator has-text-color has-background has-cyan-bluish-gray-background-color has-cyan-bluish-gray-color is-style-wide\"\/>\n\n\n\n<h3 class=\"has-white-color has-text-color\"><strong>Consultancy<\/strong><\/h3>\n\n\n\n<p class=\"has-white-color has-text-color\">Positioning of your music project.<\/p>\n\n\n\n<hr class=\"wp-block-separator has-text-color has-background has-cyan-bluish-gray-background-color has-cyan-bluish-gray-color is-style-wide\"\/>\n\n\n\n<h3 class=\"has-white-color has-text-color\"><strong>Booking Agency<\/strong><\/h3>\n\n\n\n<p class=\"has-white-color has-text-color\">Artists for your Brand<\/p>\n\n\n\n<h3 class=\"has-white-color has-text-color\"><strong>Special Projects<\/strong><\/h3>\n\n\n\n<p class=\"has-white-color has-text-color\">Music as a differential ally of your event and\/or brand<\/p>\n<\/div><\/div>\n<\/div>\n\n\n\n<div class=\"wp-block-column is-vertically-aligned-center\">\n<div class=\"wp-container-6 wp-block-group\"><div class=\"wp-block-group__inner-container\">\n<h2 class=\"has-white-color has-text-color\">We have the solution for your music project.<\/h2>\n\n\n\n<div class=\"wp-container-5 wp-block-buttons\">\n<div class=\"wp-block-button\"><a class=\"wp-block-button__link has-text-color has-background\" href=\"https:\/\/cabezaderaton.com\/en\/servicios\/\" style=\"background-color:#24e30f;color:#000000\">SERVICES<\/a><\/div>\n<\/div>\n<\/div><\/div>\n<\/div>\n<\/div>\n<\/div><\/div>\n\n\n\n<div class=\"wp-container-8 wp-block-group alignfull has-white-background-color has-background\"><div class=\"wp-block-group__inner-container\">\n<div class=\"wp-block-columns alignwide\">\n<div class=\"wp-block-column\"><\/div>\n\n\n\n<div class=\"wp-block-column\"><\/div>\n<\/div>\n<\/div><\/div>\n\n\n\n<p><\/p>","protected":false},"excerpt":{"rendered":"<p>Nosotros M\u00e1s De 30 A\u00f1os De Experiencia En El Mercado Discogr\u00e1fico Cabeza de rat\u00f3n Music es una alternativa para los artistas, sellos, editores y marcas. Experiencia en diferentes \u00e1reas del marketing musical, cada estrategia se adapta a la necesidad del cliente dependiendo de sus expectativas, presupuestos y en l\u00ednea con la realidad del mercado.<\/p>","protected":false},"author":1,"featured_media":0,"parent":0,"menu_order":0,"comment_status":"closed","ping_status":"closed","template":"","meta":{"site-sidebar-layout":"no-sidebar","site-content-layout":"plain-container","ast-main-header-display":"","ast-hfb-above-header-display":"","ast-hfb-below-header-display":"","ast-hfb-mobile-header-display":"","site-post-title":"disabled","ast-breadcrumbs-content":"","ast-featured-img":"disabled","footer-sml-layout":"","theme-transparent-header-meta":"enabled","adv-header-id-meta":"","stick-header-meta":"","header-above-stick-meta":"","header-main-stick-meta":"","header-below-stick-meta":""},"uagb_featured_image_src":{"full":false,"thumbnail":false,"medium":false,"medium_large":false,"large":false,"1536x1536":false,"2048x2048":false,"trp-custom-language-flag":false},"uagb_author_info":{"display_name":"cabezade","author_link":"https:\/\/cabezaderaton.com\/en\/author\/cabezade\/"},"uagb_comment_info":0,"uagb_excerpt":"Nosotros M\u00e1s De 30 A\u00f1os De Experiencia En El Mercado Discogr\u00e1fico Cabeza de rat\u00f3n Music es una alternativa para los artistas, sellos, editores y marcas. Experiencia en diferentes \u00e1reas del marketing musical, cada estrategia se adapta a la necesidad del cliente dependiendo de sus expectativas, presupuestos y en l\u00ednea con la realidad del mercado.","_links":{"self":[{"href":"https:\/\/cabezaderaton.com\/en\/wp-json\/wp\/v2\/pages\/19"}],"collection":[{"href":"https:\/\/cabezaderaton.com\/en\/wp-json\/wp\/v2\/pages"}],"about":[{"href":"https:\/\/cabezaderaton.com\/en\/wp-json\/wp\/v2\/types\/page"}],"author":[{"embeddable":true,"href":"https:\/\/cabezaderaton.com\/en\/wp-json\/wp\/v2\/users\/1"}],"replies":[{"embeddable":true,"href":"https:\/\/cabezaderaton.com\/en\/wp-json\/wp\/v2\/comments?post=19"}],"version-history":[{"count":26,"href":"https:\/\/cabezaderaton.com\/en\/wp-json\/wp\/v2\/pages\/19\/revisions"}],"predecessor-version":[{"id":272,"href":"https:\/\/cabezaderaton.com\/en\/wp-json\/wp\/v2\/pages\/19\/revisions\/272"}],"wp:attachment":[{"href":"https:\/\/cabezaderaton.com\/en\/wp-json\/wp\/v2\/media?parent=19"}],"curies":[{"name":"wp","href":"https:\/\/api.w.org\/{rel}","templated":true}]}}