{"id":21,"date":"2020-09-15T10:28:14","date_gmt":"2020-09-15T15:28:14","guid":{"rendered":"https:\/\/cabezaderaton.com\/products\/"},"modified":"2021-12-15T10:27:18","modified_gmt":"2021-12-15T15:27:18","slug":"servicios","status":"publish","type":"page","link":"https:\/\/cabezaderaton.com\/en\/servicios\/","title":{"rendered":"Services"},"content":{"rendered":"<div class=\"wp-block-cover alignfull has-ast-global-color-6-background-color has-background-dim has-parallax\" style=\"background-image:url(https:\/\/cabezaderaton.com\/wp-content\/uploads\/2021\/12\/pexels-cottonbro-6862361-service-2.jpg);min-height:535px\"><div class=\"wp-block-cover__inner-container\">\n<h1 class=\"has-text-align-center has-white-color has-text-color\">SERVICES<\/h1>\n<\/div><\/div>\n\n\n\n<div class=\"wp-container-1 wp-block-group alignfull has-white-background-color has-background\"><div class=\"wp-block-group__inner-container\">\n<div class=\"wp-block-media-text alignwide has-media-on-the-right is-stacked-on-mobile is-vertically-aligned-top is-image-fill\" style=\"grid-template-columns:auto 49%\"><figure class=\"wp-block-media-text__media\" style=\"background-image:url(https:\/\/cabezaderaton.com\/wp-content\/uploads\/2021\/12\/pexels-pixabay-164901-service-BLUR-1-1024x683.jpg);background-position:50% 50%\"><img loading=\"lazy\" width=\"1024\" height=\"683\" src=\"https:\/\/cabezaderaton.com\/wp-content\/uploads\/2021\/12\/pexels-pixabay-164901-service-BLUR-1-1024x683.jpg\" alt=\"\" class=\"wp-image-250 size-full\" srcset=\"https:\/\/cabezaderaton.com\/wp-content\/uploads\/2021\/12\/pexels-pixabay-164901-service-BLUR-1-1024x683.jpg 1024w, https:\/\/cabezaderaton.com\/wp-content\/uploads\/2021\/12\/pexels-pixabay-164901-service-BLUR-1-300x200.jpg 300w, https:\/\/cabezaderaton.com\/wp-content\/uploads\/2021\/12\/pexels-pixabay-164901-service-BLUR-1-768x512.jpg 768w, https:\/\/cabezaderaton.com\/wp-content\/uploads\/2021\/12\/pexels-pixabay-164901-service-BLUR-1-1536x1024.jpg 1536w, https:\/\/cabezaderaton.com\/wp-content\/uploads\/2021\/12\/pexels-pixabay-164901-service-BLUR-1-2048x1365.jpg 2048w\" sizes=\"(max-width: 1024px) 100vw, 1024px\" \/><\/figure><div class=\"wp-block-media-text__content\">\n<h2>For All You Needs<\/h2>\n\n\n\n<p>Cabeza de rat\u00f3n Music is an independent entertainment company dedicated to consulting artists, labels, companies and brands.<\/p>\n\n\n\n<p>Experience in different areas: Marketing, Promotion (Radio, Clubs, TV, Press), Artists and Repertoire (A&amp;R), Artist Booking for public and private events, Licensing Management through its Networking network, Music Curation.<\/p>\n<\/div><\/div>\n<\/div><\/div>\n\n\n\n<div class=\"wp-container-2 wp-block-group alignfull has-ast-global-color-7-background-color has-background\"><div class=\"wp-block-group__inner-container\">\n<h5 class=\"has-text-align-center\">Our Services<\/h5>\n\n\n\n<h2 class=\"has-text-align-center\">We Focus Our Efforts In Four Areas<\/h2>\n\n\n\n<div class=\"wp-block-columns alignwide\">\n<div class=\"wp-block-column\">\n<hr class=\"wp-block-separator is-style-wide\"\/>\n\n\n\n<h4><strong>PROMOTION<\/strong><\/h4>\n\n\n\n<p>Cabeza de rat\u00f3n Music tiene la capacidad para crear una promoci\u00f3n de radio, medios de comunicaci\u00f3n, eventos y otras estrategias; incluidas campa\u00f1as (Inbound \/ Outbound) y Spotify.<\/p>\n\n\n\n<p>In radio, monitoring services are available in the main cities of the country; promotion in discos and clubs through Dance Club Report.<\/p>\n\n\n\n<hr class=\"wp-block-separator is-style-wide\"\/>\n\n\n\n<h4><strong>SPECIAL PROJECTS<\/strong><\/h4>\n\n\n\n<p>Focused on content for physical formats: Vinyl or Compact Disc (Full, EP or Single) through licenses with independent labels in the United States and Europe to provide your brand with a differential value through specialised curation.<\/p>\n<\/div>\n\n\n\n<div class=\"wp-block-column\">\n<hr class=\"wp-block-separator is-style-wide\"\/>\n\n\n\n<h4><strong>BOOKING AGENCY<\/strong><\/h4>\n\n\n\n<p>We have the necessary experience to offer artists and speakers for public and private events to position your brand.<\/p>\n\n\n\n<hr class=\"wp-block-separator is-style-wide\"\/>\n\n\n\n<h4><strong>CONSULTANCY<\/strong><\/h4>\n\n\n\n<p>Advice for artists on the artistic and legal positioning of their musical product, as well as synchronisation of works for film, TV and radio.<br>Inscripci\u00f3n de trabajos finales para los Premios Grammy anglo y latino.<\/p>\n<\/div>\n<\/div>\n<\/div><\/div>\n\n\n\n<div class=\"wp-container-4 wp-block-group alignfull has-white-background-color has-background\"><div class=\"wp-block-group__inner-container\">\n<div class=\"wp-block-columns alignfull are-vertically-aligned-center\">\n<div class=\"wp-block-column is-vertically-aligned-center\" style=\"flex-basis:66.66%\"><\/div>\n\n\n\n<div class=\"wp-block-column is-vertically-aligned-center\" style=\"flex-basis:33.33%\">\n<div class=\"wp-container-3 wp-block-buttons is-content-justification-center\"><\/div>\n<\/div>\n<\/div>\n<\/div><\/div>\n\n\n\n<p><\/p>","protected":false},"excerpt":{"rendered":"<p>Para Todas Sus Necesidades Cabeza de rat\u00f3n Music es una empresa de entretenimiento independiente dedicada a la consultor\u00eda de artistas, sellos, empresas y marcas. Experiencia en diferentes \u00e1reas: Marketing, Promoci\u00f3n (Radio, Discotecas, TV, Prensa), Artistas y Repertorio (A&amp;R), Booking de artistas para eventos p\u00fablicos y privados, Gesti\u00f3n de Licencias a trav\u00e9s de su red de &hellip;<\/p>\n<p class=\"read-more\"> <a class=\"\" href=\"https:\/\/cabezaderaton.com\/en\/servicios\/\"> <span class=\"screen-reader-text\">Services<\/span> Read More &raquo;<\/a><\/p>","protected":false},"author":1,"featured_media":0,"parent":0,"menu_order":0,"comment_status":"closed","ping_status":"closed","template":"","meta":{"site-sidebar-layout":"no-sidebar","site-content-layout":"plain-container","ast-main-header-display":"","ast-hfb-above-header-display":"","ast-hfb-below-header-display":"","ast-hfb-mobile-header-display":"","site-post-title":"disabled","ast-breadcrumbs-content":"","ast-featured-img":"disabled","footer-sml-layout":"","theme-transparent-header-meta":"enabled","adv-header-id-meta":"","stick-header-meta":"","header-above-stick-meta":"","header-main-stick-meta":"","header-below-stick-meta":""},"uagb_featured_image_src":{"full":false,"thumbnail":false,"medium":false,"medium_large":false,"large":false,"1536x1536":false,"2048x2048":false,"trp-custom-language-flag":false},"uagb_author_info":{"display_name":"cabezade","author_link":"https:\/\/cabezaderaton.com\/en\/author\/cabezade\/"},"uagb_comment_info":0,"uagb_excerpt":"Para Todas Sus Necesidades Cabeza de rat\u00f3n Music es una empresa de entretenimiento independiente dedicada a la consultor\u00eda de artistas, sellos, empresas y marcas. Experiencia en diferentes \u00e1reas: Marketing, Promoci\u00f3n (Radio, Discotecas, TV, Prensa), Artistas y Repertorio (A&amp;R), Booking de artistas para eventos p\u00fablicos y privados, Gesti\u00f3n de Licencias a trav\u00e9s de su red de&hellip;","_links":{"self":[{"href":"https:\/\/cabezaderaton.com\/en\/wp-json\/wp\/v2\/pages\/21"}],"collection":[{"href":"https:\/\/cabezaderaton.com\/en\/wp-json\/wp\/v2\/pages"}],"about":[{"href":"https:\/\/cabezaderaton.com\/en\/wp-json\/wp\/v2\/types\/page"}],"author":[{"embeddable":true,"href":"https:\/\/cabezaderaton.com\/en\/wp-json\/wp\/v2\/users\/1"}],"replies":[{"embeddable":true,"href":"https:\/\/cabezaderaton.com\/en\/wp-json\/wp\/v2\/comments?post=21"}],"version-history":[{"count":15,"href":"https:\/\/cabezaderaton.com\/en\/wp-json\/wp\/v2\/pages\/21\/revisions"}],"predecessor-version":[{"id":279,"href":"https:\/\/cabezaderaton.com\/en\/wp-json\/wp\/v2\/pages\/21\/revisions\/279"}],"wp:attachment":[{"href":"https:\/\/cabezaderaton.com\/en\/wp-json\/wp\/v2\/media?parent=21"}],"curies":[{"name":"wp","href":"https:\/\/api.w.org\/{rel}","templated":true}]}}